{"id":149,"date":"2024-11-22T18:00:34","date_gmt":"2024-11-22T18:00:34","guid":{"rendered":"http:\/\/tacenviro.com\/?page_id=149"},"modified":"2025-04-02T12:03:35","modified_gmt":"2025-04-02T11:03:35","slug":"quienes-somos","status":"publish","type":"page","link":"https:\/\/tacenviro.com\/es\/quienes-somos\/","title":{"rendered":"Qui\u00e9nes somos"},"content":{"rendered":"\t\t<div data-elementor-type=\"wp-page\" data-elementor-id=\"149\" class=\"elementor elementor-149\" data-elementor-post-type=\"page\">\n\t\t\t\t<div class=\"elementor-element elementor-element-8cec3d6 e-flex e-con-boxed e-con e-parent\" data-id=\"8cec3d6\" data-element_type=\"container\" data-e-type=\"container\" data-settings=\"{&quot;background_background&quot;:&quot;classic&quot;}\">\n\t\t\t\t\t<div class=\"e-con-inner\">\n\t\t\t\t<div class=\"elementor-element elementor-element-c657a5c elementor-widget elementor-widget-heading\" data-id=\"c657a5c\" data-element_type=\"widget\" data-e-type=\"widget\" data-widget_type=\"heading.default\">\n\t\t\t\t<div class=\"elementor-widget-container\">\n\t\t\t\t\t<h1 class=\"elementor-heading-title elementor-size-default\">Qui\u00e9nes somos<\/h1>\t\t\t\t<\/div>\n\t\t\t\t<\/div>\n\t\t\t\t\t<\/div>\n\t\t\t\t<\/div>\n\t\t<div class=\"elementor-element elementor-element-0ac31aa e-flex e-con-boxed e-con e-parent\" data-id=\"0ac31aa\" data-element_type=\"container\" data-e-type=\"container\">\n\t\t\t\t\t<div class=\"e-con-inner\">\n\t\t<div class=\"elementor-element elementor-element-c83c959 e-con-full e-flex e-con e-child\" data-id=\"c83c959\" data-element_type=\"container\" data-e-type=\"container\">\n\t\t\t\t<div class=\"elementor-element elementor-element-7960af4 linea-bajo-titular elementor-widget elementor-widget-heading\" data-id=\"7960af4\" data-element_type=\"widget\" data-e-type=\"widget\" data-widget_type=\"heading.default\">\n\t\t\t\t<div class=\"elementor-widget-container\">\n\t\t\t\t\t<h2 class=\"elementor-heading-title elementor-size-default\">Qui\u00e9nes somos<\/h2>\t\t\t\t<\/div>\n\t\t\t\t<\/div>\n\t\t\t\t<div class=\"elementor-element elementor-element-816c780 elementor-widget-divider--view-line elementor-widget elementor-widget-divider\" data-id=\"816c780\" data-element_type=\"widget\" data-e-type=\"widget\" data-widget_type=\"divider.default\">\n\t\t\t\t<div class=\"elementor-widget-container\">\n\t\t\t\t\t\t\t<div class=\"elementor-divider\">\n\t\t\t<span class=\"elementor-divider-separator\">\n\t\t\t\t\t\t<\/span>\n\t\t<\/div>\n\t\t\t\t\t\t<\/div>\n\t\t\t\t<\/div>\n\t\t\t\t<div class=\"elementor-element elementor-element-46518a4 elementor-widget elementor-widget-text-editor\" data-id=\"46518a4\" data-element_type=\"widget\" data-e-type=\"widget\" data-widget_type=\"text-editor.default\">\n\t\t\t\t<div class=\"elementor-widget-container\">\n\t\t\t\t\t\t\t\t\t<p>En <strong>TAC<\/strong>, nos movemos por un principio claro: ofrecer soluciones que no solo cumplan con los est\u00e1ndares m\u00e1s altos, sino que tambi\u00e9n impulsen un cambio positivo en la industria. Somos m\u00e1s que una empresa especializada en ingenier\u00eda y fabricaci\u00f3n de equipos para los sectores petroqu\u00edmico, medioambiental y del agua; somos un equipo que pone la innovaci\u00f3n, la sostenibilidad y la calidad al servicio de nuestros clientes y del futuro.<\/p>\t\t\t\t\t\t\t\t<\/div>\n\t\t\t\t<\/div>\n\t\t\t\t<\/div>\n\t\t\t\t<div class=\"elementor-element elementor-element-8ef6cac elementor-widget__width-initial elementor-widget-mobile__width-inherit elementor-widget elementor-widget-image\" data-id=\"8ef6cac\" data-element_type=\"widget\" data-e-type=\"widget\" data-widget_type=\"image.default\">\n\t\t\t\t<div class=\"elementor-widget-container\">\n\t\t\t\t\t\t\t\t\t\t\t\t\t\t\t<img fetchpriority=\"high\" decoding=\"async\" width=\"800\" height=\"484\" src=\"https:\/\/tacenviro.com\/wp-content\/uploads\/2024\/11\/refinery-oil-gas-industry-1024x619.webp\" class=\"attachment-large size-large wp-image-163\" alt=\"refinery-oil-gas-industry\" srcset=\"https:\/\/tacenviro.com\/wp-content\/uploads\/2024\/11\/refinery-oil-gas-industry-1024x619.webp 1024w, https:\/\/tacenviro.com\/wp-content\/uploads\/2024\/11\/refinery-oil-gas-industry-300x181.webp 300w, https:\/\/tacenviro.com\/wp-content\/uploads\/2024\/11\/refinery-oil-gas-industry-768x464.webp 768w, https:\/\/tacenviro.com\/wp-content\/uploads\/2024\/11\/refinery-oil-gas-industry.webp 1480w\" sizes=\"(max-width: 800px) 100vw, 800px\" \/>\t\t\t\t\t\t\t\t\t\t\t\t\t\t\t<\/div>\n\t\t\t\t<\/div>\n\t\t\t\t\t<\/div>\n\t\t\t\t<\/div>\n\t\t<div class=\"elementor-element elementor-element-650150d e-flex e-con-boxed e-con e-parent\" data-id=\"650150d\" data-element_type=\"container\" data-e-type=\"container\">\n\t\t\t\t\t<div class=\"e-con-inner\">\n\t\t<div class=\"elementor-element elementor-element-ba9fb57 e-con-full e-flex e-con e-child\" data-id=\"ba9fb57\" data-element_type=\"container\" data-e-type=\"container\">\n\t\t\t\t<div class=\"elementor-element elementor-element-75575d5 linea-bajo-titular elementor-widget elementor-widget-heading\" data-id=\"75575d5\" data-element_type=\"widget\" data-e-type=\"widget\" data-widget_type=\"heading.default\">\n\t\t\t\t<div class=\"elementor-widget-container\">\n\t\t\t\t\t<h2 class=\"elementor-heading-title elementor-size-default\">Nuestra esencia<\/h2>\t\t\t\t<\/div>\n\t\t\t\t<\/div>\n\t\t\t\t<div class=\"elementor-element elementor-element-63cc915 elementor-widget-divider--view-line elementor-widget elementor-widget-divider\" data-id=\"63cc915\" data-element_type=\"widget\" data-e-type=\"widget\" data-widget_type=\"divider.default\">\n\t\t\t\t<div class=\"elementor-widget-container\">\n\t\t\t\t\t\t\t<div class=\"elementor-divider\">\n\t\t\t<span class=\"elementor-divider-separator\">\n\t\t\t\t\t\t<\/span>\n\t\t<\/div>\n\t\t\t\t\t\t<\/div>\n\t\t\t\t<\/div>\n\t\t\t\t<div class=\"elementor-element elementor-element-7784cac elementor-widget elementor-widget-text-editor\" data-id=\"7784cac\" data-element_type=\"widget\" data-e-type=\"widget\" data-widget_type=\"text-editor.default\">\n\t\t\t\t<div class=\"elementor-widget-container\">\n\t\t\t\t\t\t\t\t\t<p>Desde nuestros comienzos, hemos mantenido el firme compromiso de <strong>ser m\u00e1s que proveedores de productos.<\/strong><\/p><p>Nos definimos por nuestro enfoque en el detalle, por escuchar a nuestros clientes y por ofrecer siempre soluciones personalizadas que se adapten a sus necesidades. Este enfoque nos ha permitido crecer internacionalmente y consolidarnos como una empresa confiable en los mercados m\u00e1s exigentes.<\/p>\t\t\t\t\t\t\t\t<\/div>\n\t\t\t\t<\/div>\n\t\t\t\t<\/div>\n\t\t\t\t<div class=\"elementor-element elementor-element-9fb3b31 elementor-widget__width-initial elementor-widget-mobile__width-inherit elementor-widget elementor-widget-image\" data-id=\"9fb3b31\" data-element_type=\"widget\" data-e-type=\"widget\" data-widget_type=\"image.default\">\n\t\t\t\t<div class=\"elementor-widget-container\">\n\t\t\t\t\t\t\t\t\t\t\t\t\t\t\t<img decoding=\"async\" width=\"800\" height=\"484\" src=\"https:\/\/tacenviro.com\/wp-content\/uploads\/2024\/11\/nuestra-esencia-1024x619.webp\" class=\"attachment-large size-large wp-image-168\" alt=\"\" srcset=\"https:\/\/tacenviro.com\/wp-content\/uploads\/2024\/11\/nuestra-esencia-1024x619.webp 1024w, https:\/\/tacenviro.com\/wp-content\/uploads\/2024\/11\/nuestra-esencia-300x181.webp 300w, https:\/\/tacenviro.com\/wp-content\/uploads\/2024\/11\/nuestra-esencia-768x464.webp 768w, https:\/\/tacenviro.com\/wp-content\/uploads\/2024\/11\/nuestra-esencia.webp 1110w\" sizes=\"(max-width: 800px) 100vw, 800px\" \/>\t\t\t\t\t\t\t\t\t\t\t\t\t\t\t<\/div>\n\t\t\t\t<\/div>\n\t\t\t\t\t<\/div>\n\t\t\t\t<\/div>\n\t\t<div class=\"elementor-element elementor-element-665936e e-flex e-con-boxed e-con e-parent\" data-id=\"665936e\" data-element_type=\"container\" data-e-type=\"container\">\n\t\t\t\t\t<div class=\"e-con-inner\">\n\t\t<div class=\"elementor-element elementor-element-d761587 e-con-full e-flex e-con e-child\" data-id=\"d761587\" data-element_type=\"container\" data-e-type=\"container\">\n\t\t\t\t<div class=\"elementor-element elementor-element-f5e9c48 linea-bajo-titular elementor-widget elementor-widget-heading\" data-id=\"f5e9c48\" data-element_type=\"widget\" data-e-type=\"widget\" data-widget_type=\"heading.default\">\n\t\t\t\t<div class=\"elementor-widget-container\">\n\t\t\t\t\t<h2 class=\"elementor-heading-title elementor-size-default\">Nuestro prop\u00f3sito<\/h2>\t\t\t\t<\/div>\n\t\t\t\t<\/div>\n\t\t\t\t<div class=\"elementor-element elementor-element-1c15107 elementor-widget-divider--view-line elementor-widget elementor-widget-divider\" data-id=\"1c15107\" data-element_type=\"widget\" data-e-type=\"widget\" data-widget_type=\"divider.default\">\n\t\t\t\t<div class=\"elementor-widget-container\">\n\t\t\t\t\t\t\t<div class=\"elementor-divider\">\n\t\t\t<span class=\"elementor-divider-separator\">\n\t\t\t\t\t\t<\/span>\n\t\t<\/div>\n\t\t\t\t\t\t<\/div>\n\t\t\t\t<\/div>\n\t\t\t\t<div class=\"elementor-element elementor-element-f0cd6e3 elementor-widget elementor-widget-text-editor\" data-id=\"f0cd6e3\" data-element_type=\"widget\" data-e-type=\"widget\" data-widget_type=\"text-editor.default\">\n\t\t\t\t<div class=\"elementor-widget-container\">\n\t\t\t\t\t\t\t\t\t<p>No solo construimos equipos; <strong>construimos relaciones basadas en la confianza<\/strong>, la transparencia y el compromiso a largo plazo. Cada proyecto es una oportunidad para superar las expectativas y demostrar que entendemos el valor de trabajar mano a mano con nuestros socios, clientes y colaboradores.<\/p><p>Nos enfocamos en <strong>ayudar a nuestros clientes<\/strong> a optimizar sus procesos de manera eficiente y sostenible, garantizando mejoras integrales que impacten positivamente tanto en sus resultados como en el entorno.<\/p>\t\t\t\t\t\t\t\t<\/div>\n\t\t\t\t<\/div>\n\t\t\t\t<\/div>\n\t\t\t\t<div class=\"elementor-element elementor-element-0b3571c elementor-widget__width-initial elementor-widget-mobile__width-inherit elementor-widget elementor-widget-image\" data-id=\"0b3571c\" data-element_type=\"widget\" data-e-type=\"widget\" data-widget_type=\"image.default\">\n\t\t\t\t<div class=\"elementor-widget-container\">\n\t\t\t\t\t\t\t\t\t\t\t\t\t\t\t<img decoding=\"async\" width=\"800\" height=\"484\" src=\"https:\/\/tacenviro.com\/wp-content\/uploads\/2024\/11\/nuestro-proposito-1024x619.webp\" class=\"attachment-large size-large wp-image-169\" alt=\"nuestro-proposito\" srcset=\"https:\/\/tacenviro.com\/wp-content\/uploads\/2024\/11\/nuestro-proposito-1024x619.webp 1024w, https:\/\/tacenviro.com\/wp-content\/uploads\/2024\/11\/nuestro-proposito-300x181.webp 300w, https:\/\/tacenviro.com\/wp-content\/uploads\/2024\/11\/nuestro-proposito-768x464.webp 768w, https:\/\/tacenviro.com\/wp-content\/uploads\/2024\/11\/nuestro-proposito.webp 1110w\" sizes=\"(max-width: 800px) 100vw, 800px\" \/>\t\t\t\t\t\t\t\t\t\t\t\t\t\t\t<\/div>\n\t\t\t\t<\/div>\n\t\t\t\t\t<\/div>\n\t\t\t\t<\/div>\n\t\t<div class=\"elementor-element elementor-element-589a265 e-flex e-con-boxed e-con e-parent\" data-id=\"589a265\" data-element_type=\"container\" data-e-type=\"container\">\n\t\t\t\t\t<div class=\"e-con-inner\">\n\t\t<div class=\"elementor-element elementor-element-765a76a e-con-full e-flex e-con e-child\" data-id=\"765a76a\" data-element_type=\"container\" data-e-type=\"container\">\n\t\t\t\t<div class=\"elementor-element elementor-element-35a0c63 linea-bajo-titular elementor-widget elementor-widget-heading\" data-id=\"35a0c63\" data-element_type=\"widget\" data-e-type=\"widget\" data-widget_type=\"heading.default\">\n\t\t\t\t<div class=\"elementor-widget-container\">\n\t\t\t\t\t<h2 class=\"elementor-heading-title elementor-size-default\">Compromiso con la sostenibilidad<\/h2>\t\t\t\t<\/div>\n\t\t\t\t<\/div>\n\t\t\t\t<div class=\"elementor-element elementor-element-f2da696 elementor-widget-divider--view-line elementor-widget elementor-widget-divider\" data-id=\"f2da696\" data-element_type=\"widget\" data-e-type=\"widget\" data-widget_type=\"divider.default\">\n\t\t\t\t<div class=\"elementor-widget-container\">\n\t\t\t\t\t\t\t<div class=\"elementor-divider\">\n\t\t\t<span class=\"elementor-divider-separator\">\n\t\t\t\t\t\t<\/span>\n\t\t<\/div>\n\t\t\t\t\t\t<\/div>\n\t\t\t\t<\/div>\n\t\t\t\t<div class=\"elementor-element elementor-element-4c3f4d1 elementor-widget elementor-widget-text-editor\" data-id=\"4c3f4d1\" data-element_type=\"widget\" data-e-type=\"widget\" data-widget_type=\"text-editor.default\">\n\t\t\t\t<div class=\"elementor-widget-container\">\n\t\t\t\t\t\t\t\t\t<p>En un mundo que cambia a gran velocidad, en TAC entendemos la importancia de avanzar hacia un modelo industrial m\u00e1s sostenible.<\/p><p>Es por eso que hemos integrado la <strong>sostenibilidad<\/strong> como un valor clave en nuestra filosof\u00eda empresarial, innovando continuamente para reducir el impacto ambiental en cada uno de nuestros proyectos. Creemos que las soluciones m\u00e1s eficientes son aquellas que, adem\u00e1s de optimizar el rendimiento, respetan el entorno.<\/p>\t\t\t\t\t\t\t\t<\/div>\n\t\t\t\t<\/div>\n\t\t\t\t<\/div>\n\t\t\t\t<div class=\"elementor-element elementor-element-aed5ae2 elementor-widget__width-initial elementor-widget-mobile__width-inherit elementor-widget elementor-widget-image\" data-id=\"aed5ae2\" data-element_type=\"widget\" data-e-type=\"widget\" data-widget_type=\"image.default\">\n\t\t\t\t<div class=\"elementor-widget-container\">\n\t\t\t\t\t\t\t\t\t\t\t\t\t\t\t<img loading=\"lazy\" decoding=\"async\" width=\"800\" height=\"484\" src=\"https:\/\/tacenviro.com\/wp-content\/uploads\/2024\/11\/compromiso-sostenibilidad-1024x619.webp\" class=\"attachment-large size-large wp-image-170\" alt=\"\" srcset=\"https:\/\/tacenviro.com\/wp-content\/uploads\/2024\/11\/compromiso-sostenibilidad-1024x619.webp 1024w, https:\/\/tacenviro.com\/wp-content\/uploads\/2024\/11\/compromiso-sostenibilidad-300x181.webp 300w, https:\/\/tacenviro.com\/wp-content\/uploads\/2024\/11\/compromiso-sostenibilidad-768x464.webp 768w, https:\/\/tacenviro.com\/wp-content\/uploads\/2024\/11\/compromiso-sostenibilidad.webp 1110w\" sizes=\"(max-width: 800px) 100vw, 800px\" \/>\t\t\t\t\t\t\t\t\t\t\t\t\t\t\t<\/div>\n\t\t\t\t<\/div>\n\t\t\t\t\t<\/div>\n\t\t\t\t<\/div>\n\t\t<div class=\"elementor-element elementor-element-7198ef0 e-flex e-con-boxed e-con e-parent\" data-id=\"7198ef0\" data-element_type=\"container\" data-e-type=\"container\" data-settings=\"{&quot;background_background&quot;:&quot;classic&quot;}\">\n\t\t\t\t\t<div class=\"e-con-inner\">\n\t\t\t\t<div class=\"elementor-element elementor-element-d284e56 linea-bajo-titular elementor-widget elementor-widget-heading\" data-id=\"d284e56\" data-element_type=\"widget\" data-e-type=\"widget\" data-widget_type=\"heading.default\">\n\t\t\t\t<div class=\"elementor-widget-container\">\n\t\t\t\t\t<h2 class=\"elementor-heading-title elementor-size-default\">Visi\u00f3n de futuro<\/h2>\t\t\t\t<\/div>\n\t\t\t\t<\/div>\n\t\t\t\t<div class=\"elementor-element elementor-element-6990b21 elementor-widget-divider--view-line elementor-widget elementor-widget-divider\" data-id=\"6990b21\" data-element_type=\"widget\" data-e-type=\"widget\" data-widget_type=\"divider.default\">\n\t\t\t\t<div class=\"elementor-widget-container\">\n\t\t\t\t\t\t\t<div class=\"elementor-divider\">\n\t\t\t<span class=\"elementor-divider-separator\">\n\t\t\t\t\t\t<\/span>\n\t\t<\/div>\n\t\t\t\t\t\t<\/div>\n\t\t\t\t<\/div>\n\t\t\t\t<div class=\"elementor-element elementor-element-971d866 elementor-widget__width-initial elementor-widget-tablet__width-inherit elementor-widget elementor-widget-text-editor\" data-id=\"971d866\" data-element_type=\"widget\" data-e-type=\"widget\" data-widget_type=\"text-editor.default\">\n\t\t\t\t<div class=\"elementor-widget-container\">\n\t\t\t\t\t\t\t\t\t<p>Miramos al futuro con la convicci\u00f3n de que podemos <strong>marcar la diferencia en la industria global.<\/strong> Nuestra capacidad para adaptarnos a los desaf\u00edos del mercado nos permite estar siempre un paso por delante, anticipando soluciones que ayuden a nuestros clientes a afrontar sus retos de hoy y del ma\u00f1ana. En TAC, la innovaci\u00f3n es un proceso continuo, y cada d\u00eda trabajamos para ser mejores, m\u00e1s eficientes y m\u00e1s sostenibles.<\/p>\t\t\t\t\t\t\t\t<\/div>\n\t\t\t\t<\/div>\n\t\t\t\t\t<\/div>\n\t\t\t\t<\/div>\n\t\t\t\t<\/div>\n\t\t","protected":false},"excerpt":{"rendered":"<p>Qui\u00e9nes somos Qui\u00e9nes somos En TAC, nos movemos por un principio claro: ofrecer soluciones que no solo cumplan con los est\u00e1ndares m\u00e1s altos, sino que tambi\u00e9n impulsen un cambio positivo en la industria. Somos m\u00e1s que una empresa especializada en ingenier\u00eda y fabricaci\u00f3n de equipos para los sectores petroqu\u00edmico, medioambiental y del agua; somos un [&hellip;]<\/p>\n","protected":false},"author":4,"featured_media":0,"parent":0,"menu_order":0,"comment_status":"closed","ping_status":"closed","template":"elementor_header_footer","meta":{"footnotes":""},"class_list":["post-149","page","type-page","status-publish","hentry"],"_links":{"self":[{"href":"https:\/\/tacenviro.com\/es\/wp-json\/wp\/v2\/pages\/149","targetHints":{"allow":["GET"]}}],"collection":[{"href":"https:\/\/tacenviro.com\/es\/wp-json\/wp\/v2\/pages"}],"about":[{"href":"https:\/\/tacenviro.com\/es\/wp-json\/wp\/v2\/types\/page"}],"author":[{"embeddable":true,"href":"https:\/\/tacenviro.com\/es\/wp-json\/wp\/v2\/users\/4"}],"replies":[{"embeddable":true,"href":"https:\/\/tacenviro.com\/es\/wp-json\/wp\/v2\/comments?post=149"}],"version-history":[{"count":34,"href":"https:\/\/tacenviro.com\/es\/wp-json\/wp\/v2\/pages\/149\/revisions"}],"predecessor-version":[{"id":1307,"href":"https:\/\/tacenviro.com\/es\/wp-json\/wp\/v2\/pages\/149\/revisions\/1307"}],"wp:attachment":[{"href":"https:\/\/tacenviro.com\/es\/wp-json\/wp\/v2\/media?parent=149"}],"curies":[{"name":"wp","href":"https:\/\/api.w.org\/{rel}","templated":true}]}}