{"id":820,"date":"2025-02-04T09:53:54","date_gmt":"2025-02-04T09:53:54","guid":{"rendered":"http:\/\/tacenviro.com\/?page_id=820"},"modified":"2025-02-13T16:41:08","modified_gmt":"2025-02-13T16:41:08","slug":"aviso-legal","status":"publish","type":"page","link":"https:\/\/tacenviro.com\/es\/aviso-legal\/","title":{"rendered":"Aviso legal"},"content":{"rendered":"\t\t<div data-elementor-type=\"wp-page\" data-elementor-id=\"820\" class=\"elementor elementor-820\" data-elementor-post-type=\"page\">\n\t\t\t\t<div class=\"elementor-element elementor-element-f486f72 e-flex e-con-boxed e-con e-parent\" data-id=\"f486f72\" data-element_type=\"container\" data-e-type=\"container\" data-settings=\"{&quot;background_background&quot;:&quot;classic&quot;}\">\n\t\t\t\t\t<div class=\"e-con-inner\">\n\t\t\t\t<div class=\"elementor-element elementor-element-aecc670 elementor-widget elementor-widget-heading\" data-id=\"aecc670\" data-element_type=\"widget\" data-e-type=\"widget\" data-widget_type=\"heading.default\">\n\t\t\t\t<div class=\"elementor-widget-container\">\n\t\t\t\t\t<h1 class=\"elementor-heading-title elementor-size-default\">Aviso legal<\/h1>\t\t\t\t<\/div>\n\t\t\t\t<\/div>\n\t\t\t\t\t<\/div>\n\t\t\t\t<\/div>\n\t\t<div class=\"elementor-element elementor-element-c51c2d1 e-flex e-con-boxed e-con e-parent\" data-id=\"c51c2d1\" data-element_type=\"container\" data-e-type=\"container\">\n\t\t\t\t\t<div class=\"e-con-inner\">\n\t\t\t\t<div class=\"elementor-element elementor-element-8b8ad8e elementor-widget elementor-widget-text-editor\" data-id=\"8b8ad8e\" data-element_type=\"widget\" data-e-type=\"widget\" data-widget_type=\"text-editor.default\">\n\t\t\t\t<div class=\"elementor-widget-container\">\n\t\t\t\t\t\t\t\t\t<p>En cumplimiento de la Ley Org\u00e1nica 15\/1999, de13 de diciembre, de Protecci\u00f3n de Datos de Car\u00e1cter Personal, le informamos que los datos personales que nos suministre a trav\u00e9s de la p\u00e1gina web www.tankaluminumcover.com , ser\u00e1n tratados de forma confidencial y pasar\u00e1n a formar parte de un fichero titularidad de:<\/p><p>TANK ALUMINUM COVER<br \/>C\/ Virgen de la Victoria 4<br \/>41011 Sevilla<\/p><p>Este fichero ha sido debidamente inscrito en la Agencia de Protecci\u00f3n de Datos (www.agpd.es). Sus datos personales ser\u00e1n utilizados \u00fanicamente para la gesti\u00f3n, administraci\u00f3n y mantenimiento de los servicios contratados, para el env\u00edo de actualizaciones de los servicios, para el env\u00edo de formularios de encuestas que Vd. no tiene obligaci\u00f3n de contestar y para el env\u00edo de informaci\u00f3n sobre nuestros productos y servicio.<\/p><p>Asimismo, le informamos que puede ejercitar sus derechos de acceso, rectificaci\u00f3n, cancelaci\u00f3n y oposici\u00f3n con arreglo a lo previsto en la Ley Org\u00e1nica 15\/1999, de 13 de diciembre, de Protecci\u00f3n de Datos de Car\u00e1cter Personal, enviando un correo electr\u00f3nico a admin@tankaluminumcover.com o una carta junto con la fotocopia de su DNI, a la siguiente direcci\u00f3n:<\/p><p>TANK ALUMINUM COVER<br \/>C\/ Virgen de la Victoria 4<br \/>41011 Sevilla<\/p><p>TAC no vende, cede, arrienda ni transmite de modo alguno informaci\u00f3n o datos de car\u00e1cter personal de sus Clientes\/Usuarios a terceros.<\/p><p>El titular de los datos autoriza expresamente que sus datos sean cedidos para el env\u00edo de actualizaciones de los servicios, para el env\u00edo de formularios de encuestas que Vd. no tiene obligaci\u00f3n de contestar y para el env\u00edo de informaci\u00f3n sobre nuestros productos y servicio.<\/p><p>El Usuario garantiza que los Datos Personales facilitados a TAC son veraces y se hace responsable de comunicar cualquier modificaci\u00f3n en los mismos. El usuario ser\u00e1 el \u00fanico responsable de cualquier da\u00f1o o perjuicio, directo o indirecto, que pudiera ocasionar a TAC o a cualquier tercero a causa de la cumplimentaci\u00f3n de los formularios con datos falsos, inexactos, incompletos o no actualizados.<\/p><p>TAC ha adoptado las medidas necesarias para evitar la alteraci\u00f3n, p\u00e9rdida, tratamiento o acceso no autorizado de los datos personales, habida cuenta en todo momento del estado de la tecnolog\u00eda, no obstante, el Usuario debe ser consciente de que las medidas de seguridad en Internet no son inexpugnables.<\/p><p>La cumplimentaci\u00f3n de los formularios incluidos en el sitio web, implica el consentimiento expreso del Usuario a la inclusi\u00f3n de sus datos de car\u00e1cter personal en el referido fichero automatizado de TAC.<\/p>\t\t\t\t\t\t\t\t<\/div>\n\t\t\t\t<\/div>\n\t\t\t\t\t<\/div>\n\t\t\t\t<\/div>\n\t\t\t\t<\/div>\n\t\t","protected":false},"excerpt":{"rendered":"<p>Aviso legal En cumplimiento de la Ley Org\u00e1nica 15\/1999, de13 de diciembre, de Protecci\u00f3n de Datos de Car\u00e1cter Personal, le informamos que los datos personales que nos suministre a trav\u00e9s de la p\u00e1gina web www.tankaluminumcover.com , ser\u00e1n tratados de forma confidencial y pasar\u00e1n a formar parte de un fichero titularidad de: TANK ALUMINUM COVERC\/ Virgen [&hellip;]<\/p>\n","protected":false},"author":4,"featured_media":0,"parent":0,"menu_order":0,"comment_status":"closed","ping_status":"closed","template":"elementor_header_footer","meta":{"footnotes":""},"class_list":["post-820","page","type-page","status-publish","hentry"],"_links":{"self":[{"href":"https:\/\/tacenviro.com\/es\/wp-json\/wp\/v2\/pages\/820","targetHints":{"allow":["GET"]}}],"collection":[{"href":"https:\/\/tacenviro.com\/es\/wp-json\/wp\/v2\/pages"}],"about":[{"href":"https:\/\/tacenviro.com\/es\/wp-json\/wp\/v2\/types\/page"}],"author":[{"embeddable":true,"href":"https:\/\/tacenviro.com\/es\/wp-json\/wp\/v2\/users\/4"}],"replies":[{"embeddable":true,"href":"https:\/\/tacenviro.com\/es\/wp-json\/wp\/v2\/comments?post=820"}],"version-history":[{"count":10,"href":"https:\/\/tacenviro.com\/es\/wp-json\/wp\/v2\/pages\/820\/revisions"}],"predecessor-version":[{"id":893,"href":"https:\/\/tacenviro.com\/es\/wp-json\/wp\/v2\/pages\/820\/revisions\/893"}],"wp:attachment":[{"href":"https:\/\/tacenviro.com\/es\/wp-json\/wp\/v2\/media?parent=820"}],"curies":[{"name":"wp","href":"https:\/\/api.w.org\/{rel}","templated":true}]}}