{"id":825,"date":"2025-02-04T09:58:02","date_gmt":"2025-02-04T09:58:02","guid":{"rendered":"http:\/\/tacenviro.com\/?page_id=825"},"modified":"2025-02-13T16:41:15","modified_gmt":"2025-02-13T16:41:15","slug":"politica-de-cookies","status":"publish","type":"page","link":"https:\/\/tacenviro.com\/es\/politica-de-cookies\/","title":{"rendered":"Pol\u00edtica de cookies"},"content":{"rendered":"\t\t<div data-elementor-type=\"wp-page\" data-elementor-id=\"825\" class=\"elementor elementor-825\" data-elementor-post-type=\"page\">\n\t\t\t\t<div class=\"elementor-element elementor-element-8c96f96 e-flex e-con-boxed e-con e-parent\" data-id=\"8c96f96\" data-element_type=\"container\" data-e-type=\"container\" data-settings=\"{&quot;background_background&quot;:&quot;classic&quot;}\">\n\t\t\t\t\t<div class=\"e-con-inner\">\n\t\t\t\t<div class=\"elementor-element elementor-element-f4abdb0 elementor-widget elementor-widget-heading\" data-id=\"f4abdb0\" data-element_type=\"widget\" data-e-type=\"widget\" data-widget_type=\"heading.default\">\n\t\t\t\t<div class=\"elementor-widget-container\">\n\t\t\t\t\t<h1 class=\"elementor-heading-title elementor-size-default\">Pol\u00edtica de cookies<\/h1>\t\t\t\t<\/div>\n\t\t\t\t<\/div>\n\t\t\t\t\t<\/div>\n\t\t\t\t<\/div>\n\t\t<div class=\"elementor-element elementor-element-03b2153 e-flex e-con-boxed e-con e-parent\" data-id=\"03b2153\" data-element_type=\"container\" data-e-type=\"container\">\n\t\t\t\t\t<div class=\"e-con-inner\">\n\t\t\t\t<div class=\"elementor-element elementor-element-26d7469 elementor-widget elementor-widget-text-editor\" data-id=\"26d7469\" data-element_type=\"widget\" data-e-type=\"widget\" data-widget_type=\"text-editor.default\">\n\t\t\t\t<div class=\"elementor-widget-container\">\n\t\t\t\t\t\t\t\t\t<p><strong>I. Pol\u00edtica de cookies<\/strong><\/p><p>En cumplimiento de la Ley 34\/2002 de Servicios de la Sociedad de la Informaci\u00f3n y Comercio Electr\u00f3nico le informamos de la utilizaci\u00f3n de cookies en las webs y aplicaciones de la empresa con el fin de facilitar y mejorar la navegaci\u00f3n a los usuarios, recordando por donde naveg\u00f3 en el sitio web, las preferencias y las configuraciones de visualizaci\u00f3n.<br \/>Recuerde que antes de empezar a utilizar cualquiera de nuestros servicios o funcionalidades, deber\u00e1 leer<\/p><p align=\"JUSTIFY\">en esta Pol\u00edtica de Cookies y Privacidad, as\u00ed como en los T\u00e9rminos de Condiciones la secci\u00f3n espec\u00edfica sobre los mismos. En dicha secci\u00f3n podr\u00e1 ver si hay alguna condici\u00f3n particular para su uso, o si requiere un tratamiento espec\u00edfico de sus Datos Personales.<\/p><p align=\"JUSTIFY\"><strong>II. Tipos de cookies<\/strong><\/p><p>Seg\u00fan quien sea la entidad que gestione el dominio desde donde se env\u00edan las cookies y trate los datos que se obtengan se pueden distinguir dos tipos:<\/p><ul><li>cookies propias: Son aquellas que se env\u00edan a tu equipo desde nuestros propios equipos o dominios y desde el que prestamos el servicio que nos solicitas.<\/li><li>cookies de terceros. Son aquellas que se env\u00edan a tu equipo desde un equipo o dominio que no es gestionado por nosotros, sino por otra entidad colaboradora. Como, por ejemplo, las usadas por redes sociales, o por contenido externo como Google Maps.<\/li><\/ul><p>Existe tambi\u00e9n una segunda clasificaci\u00f3n seg\u00fan el plazo de tiempo que permanecen almacenadas en el navegador del cliente, pudiendo tratarse de:<\/p><ul><li>cookies de sesi\u00f3n: Son cookies temporales que permanecen en el archivo de cookies de tu navegador hasta que abandonas la p\u00e1gina web, por lo que ninguna queda registrada en el disco duro de tu ordenador. La informaci\u00f3n obtenida por medio de estas cookies, sirven para analizar pautas de tr\u00e1fico en la web. A la larga, esto nos permite proporcionar una mejor experiencia para mejorar el contenido y facilitar su uso<\/li><li>cookies persistentes: Son almacenadas en el disco duro y nuestra web las lee cada vez que realizas una nueva visita. Una web permanente posee una fecha de expiraci\u00f3n determinada. La cookie dejar\u00e1 de funcionar despu\u00e9s de esa fecha. Estas cookies las utilizamos, generalmente, para facilitar los servicios de compra y registro.<\/li><\/ul><p>Por \u00faltimo, existe otra clasificaci\u00f3n con cinco tipos de cookies seg\u00fan la finalidad para la que se traten los datos obtenidos:<\/p><p>\u2013 cookies t\u00e9cnicas, Son aquellas necesarias para la navegaci\u00f3n y el buen funcionamiento de nuestra p\u00e1gina web. Permiten por ejemplo, controlar el tr\u00e1fico y la comunicaci\u00f3n de datos, acceder a partes de acceso restringido, realizar el proceso de compra de un pedido, utilizar elementos de seguridad, almacenar contenidos para poder difundir v\u00eddeos o compartir contenidos a trav\u00e9s de redes sociales.<\/p><p>-cookies de personalizaci\u00f3n, Son aqu\u00e9llas que te permiten acceder al servicio con unas caracter\u00edsticas predefinidas en funci\u00f3n de una serie de criterios, como por ejemplo el idioma, el tipo de navegador a trav\u00e9s del cual se accede al servicio, la configuraci\u00f3n regional desde donde se accede al servicio, etc.<\/p><p>-cookies anal\u00edticas, Son aqu\u00e9llas que nos permiten cuantificar el n\u00famero de usuarios y as\u00ed realizar la medici\u00f3n y an\u00e1lisis estad\u00edstico de la utilizaci\u00f3n que hacen los usuarios de los servicios prestados.Para ello se analiza su navegaci\u00f3n en nuestra p\u00e1gina web con el fin de mejorar la oferta de productos y servicios que ofrecemos<\/p><p>-cookies publicitarias, Son aqu\u00e9llas que permiten la gesti\u00f3n, de la forma m\u00e1s eficaz posible, de los espacios publicitarios que se pudieran incluir en nuestra p\u00e1gina web.<\/p><p>-cookies de publicidad comportamental, Estas cookies almacenan informaci\u00f3n del comportamiento de los usuarios obtenida a trav\u00e9s de la observaci\u00f3n continuada. Gracias a ellas, podemos conocer los h\u00e1bitos de navegaci\u00f3n en internet y mostrarte publicidad relacionada con tu perfil de navegaci\u00f3n.<\/p><p><strong>III. Cookies utilizadas en la web<\/strong><\/p><table border=\"1\" width=\"640\" cellspacing=\"0\" cellpadding=\"3\"><colgroup><col width=\"179\" \/><col width=\"155\" \/><col width=\"286\" \/><\/colgroup><tbody><tr><td colspan=\"3\" valign=\"TOP\" bgcolor=\"#cfe7f5\" width=\"632\"><p align=\"CENTER\">Cookies propias<\/p><\/td><\/tr><tr valign=\"TOP\"><td bgcolor=\"#eeeeee\" width=\"179\"><p align=\"CENTER\">Tipo<\/p><\/td><td bgcolor=\"#eeeeee\" width=\"155\"><p align=\"CENTER\">Nombre<\/p><\/td><td bgcolor=\"#eeeeee\" width=\"286\"><p align=\"CENTER\">Funci\u00f3n<\/p><\/td><\/tr><tr><td bgcolor=\"#ffffff\" width=\"179\"><p align=\"CENTER\">Cookie de aceptaci\u00f3n<\/p><\/td><td bgcolor=\"#ffffff\" width=\"155\"><p align=\"CENTER\">Viewed_cookie_policy<\/p><\/td><td bgcolor=\"#ffffff\" width=\"286\">Es la cookie que se crea cuando aceptas las pol\u00edticas de cookies de la pagina.<\/td><\/tr><tr><td colspan=\"3\" bgcolor=\"#cfe7f5\" width=\"632\" height=\"15\"><p align=\"CENTER\">Cookies de terceros<\/p><\/td><\/tr><tr><td bgcolor=\"#eeeeee\" width=\"179\" height=\"15\"><p align=\"CENTER\">Tipo<\/p><\/td><td bgcolor=\"#eeeeee\" width=\"155\"><p align=\"CENTER\">Nombre<\/p><\/td><td bgcolor=\"#eeeeee\" width=\"286\"><p align=\"CENTER\">Funci\u00f3n<\/p><\/td><\/tr><tr><td bgcolor=\"#ffffff\" width=\"179\" height=\"15\"><p align=\"CENTER\">Cookie anal\u00edtica<\/p><p align=\"CENTER\">De Google<\/p><\/td><td bgcolor=\"#ffffff\" width=\"155\"><p align=\"CENTER\">_ga<\/p><\/td><td bgcolor=\"#ffffff\" width=\"286\"><p align=\"JUSTIFY\">Datos de navegaci\u00f3n an\u00f3nimos que permiten saber qu\u00e9 se consulta y c\u00f3mo se navega dentro de los webs.<\/p><p align=\"JUSTIFY\">La biblioteca ga puede configurar las siguientes cookies:<\/p><p align=\"JUSTIFY\">-utma : distingue usuarios y sesiones.<\/p><p align=\"JUSTIFY\">-utmt : usa para limitar el porcentaje de solicitudes.<\/p><p align=\"JUSTIFY\">-utmb: usa para determinar nuevas sesiones o visitas<\/p><p align=\"JUSTIFY\">-utmc : no se usa en ga.js.<\/p><p align=\"JUSTIFY\">-utmv : almacenar datos de variables personalizadas de visitante<\/p><p align=\"JUSTIFY\">-utmz : almacena la fuente de tr\u00e1fico o la campa\u00f1a que explica c\u00f3mo ha llegado el usuario al sitio.<\/p><\/td><\/tr><tr><td bgcolor=\"#ffffff\" width=\"179\" height=\"15\"><p align=\"CENTER\">Cookie anal\u00edtica<\/p><p align=\"CENTER\">De Google<\/p><\/td><td bgcolor=\"#ffffff\" width=\"155\"><p align=\"CENTER\">_gat_UA-Numerico<\/p><\/td><td bgcolor=\"#ffffff\" width=\"286\">Cookies de seguimiento anal\u00edticas de google. Se usa para limitar el porcentaje de solicitudes. Duraci\u00f3n 10 minutos<\/td><\/tr><tr><td bgcolor=\"#ffffff\" width=\"179\" height=\"14\"><p align=\"CENTER\">Cookie anal\u00edtica<\/p><p align=\"CENTER\">De Google<\/p><\/td><td bgcolor=\"#ffffff\" width=\"155\"><p align=\"CENTER\">NID<\/p><p align=\"CENTER\">CONSENT<\/p><\/td><td bgcolor=\"#ffffff\" width=\"286\">Contiene un ID \u00fanico que Google utiliza para recordar tus preferencias y otra informaci\u00f3n.<p>\u00a0<\/p><p>Visualizaci\u00f3n de mapas mediante la aplicaci\u00f3n de Google Maps.<\/p><\/td><\/tr><\/tbody><\/table><p>\u00a0<\/p><p><strong>IV. C\u00f3mo modificar la configuraci\u00f3n de cookies<\/strong><\/p><p>Usted puede restringir, bloquear o borrar las cookies de esta web en la configuraci\u00f3n de su navegador. En cada navegador la operativa es diferente, la funci\u00f3n de \u201cAyuda\u201d le mostrar\u00e1 c\u00f3mo hacerlo. A continuaci\u00f3n le dejamos unos enlaces con la configuraci\u00f3n de los navegadores m\u00e1s utilizados a d\u00eda de hoy. Puede copiar los enlaces y pegarlos directamente en su navegador:<\/p><p><span lang=\"en-US\">.Internet explorer<\/span><\/p><p><span lang=\"zxx\"><a href=\"https:\/\/www.tankaluminumcover.com\/politica-de-cookies\/#ie=\" target=\"_blank\" rel=\"noopener\"><span lang=\"en-US\">www.windows.microsoft.com\/es-xl\/internet-explorer\/delete-manage-cookies#ie=\u201die-10\u2033<\/span><\/a><\/span><\/p><p><span lang=\"en-US\">.Mozilla Firefox<\/span><\/p><p><span lang=\"en-US\">support.mozilla.org\/es\/kb\/Borrar%20cookies<\/span><\/p><p><span lang=\"en-US\">.Google Chrome<\/span><\/p><p><span lang=\"en-US\">support.google.com\/chrome\/answer\/95647?hl=\u201des\u201d<\/span><\/p><p>Chrome para android:<\/p><p><span lang=\"zxx\"><a href=\"https:\/\/support.google.com\/chrome\/answer\/114662?hl=es&amp;visit_id=0-636328723400421084-2300173826&amp;rd=1\" target=\"_blank\" rel=\"noopener\">https:\/\/support.google.com\/chrome\/answer\/114662?hl=es&amp;visit_id=0-636328723400421084-2300173826&amp;rd=1<\/a><\/span><\/p><p>.Safari<\/p><p><span lang=\"zxx\"><a href=\"http:\/\/www.apple.com\/es\/privacy\/use-of-cookies\/\" target=\"_blank\" rel=\"noopener\">www.apple.com\/es\/privacy\/use-of-cookies\/<\/a><\/span><\/p><p>.Safari para IOS<\/p><p><span lang=\"zxx\"><a href=\"https:\/\/support.apple.com\/es-es\/HT201265\" target=\"_blank\" rel=\"noopener\">https:\/\/support.apple.com\/es-es\/HT201265<\/a><\/span><\/p><p>.Opera<\/p><p><span lang=\"zxx\"><a href=\"http:\/\/help.opera.com\/Windows\/11.50\/es-ES\/cookies.html\" target=\"_blank\" rel=\"noopener\">http:\/\/help.opera.com\/Windows\/11.50\/es-ES\/cookies.html<\/a><\/span><\/p><p><strong>V. Consentimiento<\/strong><\/p><p align=\"JUSTIFY\">En Esta Web nunca guardamos los datos personales de nuestros usuarios, a excepci\u00f3n de la direcci\u00f3n IP de acuerdo a lo descrito anteriormente, salvo que quieras registrarte, de forma voluntaria con el fin de realizar peticiones sobre nuestros productos y servicios que ponemos a tu disposici\u00f3n o de recibir informaci\u00f3n sobre promociones y contenidos de tu inter\u00e9s.<\/p><p align=\"JUSTIFY\">Al navegar y continuar en nuestra web nos indicas que est\u00e1s consintiendo el uso de las cookies antes enunciadas, y en las condiciones contenidas en la presente Pol\u00edtica de Cookies.<\/p>\t\t\t\t\t\t\t\t<\/div>\n\t\t\t\t<\/div>\n\t\t\t\t\t<\/div>\n\t\t\t\t<\/div>\n\t\t\t\t<\/div>\n\t\t","protected":false},"excerpt":{"rendered":"<p>Pol\u00edtica de cookies I. Pol\u00edtica de cookies En cumplimiento de la Ley 34\/2002 de Servicios de la Sociedad de la Informaci\u00f3n y Comercio Electr\u00f3nico le informamos de la utilizaci\u00f3n de cookies en las webs y aplicaciones de la empresa con el fin de facilitar y mejorar la navegaci\u00f3n a los usuarios, recordando por donde naveg\u00f3 [&hellip;]<\/p>\n","protected":false},"author":4,"featured_media":0,"parent":0,"menu_order":0,"comment_status":"closed","ping_status":"closed","template":"","meta":{"footnotes":""},"class_list":["post-825","page","type-page","status-publish","hentry"],"_links":{"self":[{"href":"https:\/\/tacenviro.com\/es\/wp-json\/wp\/v2\/pages\/825","targetHints":{"allow":["GET"]}}],"collection":[{"href":"https:\/\/tacenviro.com\/es\/wp-json\/wp\/v2\/pages"}],"about":[{"href":"https:\/\/tacenviro.com\/es\/wp-json\/wp\/v2\/types\/page"}],"author":[{"embeddable":true,"href":"https:\/\/tacenviro.com\/es\/wp-json\/wp\/v2\/users\/4"}],"replies":[{"embeddable":true,"href":"https:\/\/tacenviro.com\/es\/wp-json\/wp\/v2\/comments?post=825"}],"version-history":[{"count":10,"href":"https:\/\/tacenviro.com\/es\/wp-json\/wp\/v2\/pages\/825\/revisions"}],"predecessor-version":[{"id":896,"href":"https:\/\/tacenviro.com\/es\/wp-json\/wp\/v2\/pages\/825\/revisions\/896"}],"wp:attachment":[{"href":"https:\/\/tacenviro.com\/es\/wp-json\/wp\/v2\/media?parent=825"}],"curies":[{"name":"wp","href":"https:\/\/api.w.org\/{rel}","templated":true}]}}